{"id":405,"date":"2017-01-26T10:40:04","date_gmt":"2017-01-26T10:40:04","guid":{"rendered":"https:\/\/motors.stylemixthemes.com\/?page_id=405"},"modified":"2025-11-13T16:23:27","modified_gmt":"2025-11-13T16:23:27","slug":"location-voiture-ouarzazate-a-propos","status":"publish","type":"page","link":"https:\/\/locationdevoitureouarzazatebio.agency\/es\/location-voiture-ouarzazate-a-propos\/","title":{"rendered":"Sobre nosotros"},"content":{"rendered":"<div data-elementor-type=\"wp-page\" data-elementor-id=\"405\" class=\"elementor elementor-405\">\n\t\t\t\t\t\t<section class=\"elementor-section elementor-top-section elementor-element elementor-element-f596a7f elementor-section-boxed elementor-section-height-default elementor-section-height-default\" data-id=\"f596a7f\" data-element_type=\"section\" data-e-type=\"section\">\n\t\t\t\t\t\t<div class=\"elementor-container elementor-column-gap-default\">\n\t\t\t\t\t<div class=\"elementor-column elementor-col-50 elementor-top-column elementor-element elementor-element-1a6291b\" data-id=\"1a6291b\" data-element_type=\"column\" data-e-type=\"column\">\n\t\t\t<div class=\"elementor-widget-wrap elementor-element-populated\">\n\t\t\t\t\t\t<div class=\"elementor-element elementor-element-a415ae9 elementor-widget elementor-widget-image\" data-id=\"a415ae9\" data-element_type=\"widget\" data-e-type=\"widget\" data-widget_type=\"image.default\">\n\t\t\t\t\t\t\t\t\t\t\t\t\t\t\t<img fetchpriority=\"high\" decoding=\"async\" width=\"1024\" height=\"682\" src=\"https:\/\/locationdevoitureouarzazatebio.agency\/wp-content\/uploads\/2023\/10\/Fotolia_53618826_Subscription_Monthly_M-1024x682-1.jpg\" class=\"attachment-full size-full wp-image-634\" alt=\"motors_placeholder\" srcset=\"https:\/\/locationdevoitureouarzazatebio.agency\/wp-content\/uploads\/2023\/10\/Fotolia_53618826_Subscription_Monthly_M-1024x682-1.jpg 1024w, https:\/\/locationdevoitureouarzazatebio.agency\/wp-content\/uploads\/2023\/10\/Fotolia_53618826_Subscription_Monthly_M-1024x682-1-600x400.jpg 600w, https:\/\/locationdevoitureouarzazatebio.agency\/wp-content\/uploads\/2023\/10\/Fotolia_53618826_Subscription_Monthly_M-1024x682-1-300x200.jpg 300w, https:\/\/locationdevoitureouarzazatebio.agency\/wp-content\/uploads\/2023\/10\/Fotolia_53618826_Subscription_Monthly_M-1024x682-1-255x170.jpg 255w, https:\/\/locationdevoitureouarzazatebio.agency\/wp-content\/uploads\/2023\/10\/Fotolia_53618826_Subscription_Monthly_M-1024x682-1-510x340.jpg 510w, https:\/\/locationdevoitureouarzazatebio.agency\/wp-content\/uploads\/2023\/10\/Fotolia_53618826_Subscription_Monthly_M-1024x682-1-280x186.jpg 280w, https:\/\/locationdevoitureouarzazatebio.agency\/wp-content\/uploads\/2023\/10\/Fotolia_53618826_Subscription_Monthly_M-1024x682-1-560x373.jpg 560w, https:\/\/locationdevoitureouarzazatebio.agency\/wp-content\/uploads\/2023\/10\/Fotolia_53618826_Subscription_Monthly_M-1024x682-1-350x233.jpg 350w, https:\/\/locationdevoitureouarzazatebio.agency\/wp-content\/uploads\/2023\/10\/Fotolia_53618826_Subscription_Monthly_M-1024x682-1-700x466.jpg 700w, https:\/\/locationdevoitureouarzazatebio.agency\/wp-content\/uploads\/2023\/10\/Fotolia_53618826_Subscription_Monthly_M-1024x682-1-398x265.jpg 398w, https:\/\/locationdevoitureouarzazatebio.agency\/wp-content\/uploads\/2023\/10\/Fotolia_53618826_Subscription_Monthly_M-1024x682-1-796x530.jpg 796w\" sizes=\"(max-width: 1024px) 100vw, 1024px\" \/>\t\t\t\t\t\t\t\t\t\t\t\t\t\t\t<\/div>\n\t\t\t\t\t<\/div>\n\t\t<\/div>\n\t\t\t\t<div class=\"elementor-column elementor-col-50 elementor-top-column elementor-element elementor-element-d22714d\" data-id=\"d22714d\" data-element_type=\"column\" data-e-type=\"column\">\n\t\t\t<div class=\"elementor-widget-wrap elementor-element-populated\">\n\t\t\t\t\t\t<div class=\"elementor-element elementor-element-3f17609 elementor-widget elementor-widget-text-editor\" data-id=\"3f17609\" data-element_type=\"widget\" data-e-type=\"widget\" data-widget_type=\"text-editor.default\">\n\t\t\t\t\t\t\t\t\t<h3>BIENVENUE \u00c0 <span style=\"color: #ff6600;\">BIO LOCATION<\/span><\/h3><p data-start=\"188\" data-end=\"443\">Avant tout, nous souhaitons vous souhaiter la bienvenue chez <b>BIO LOCATION <\/b>\u00e0 Ouarzazate, Maroc. Rien ne remplace l\u2019exp\u00e9rience directe avec nos v\u00e9hicules sur place, mais nous sommes ravis que vous preniez le temps de visiter notre site web aujourd\u2019hui.<\/p><p data-start=\"445\" data-end=\"694\">Notre objectif est de vous offrir une visite interactive de notre flotte de voitures neuves et d\u2019occasion, tout en vous permettant d\u2019obtenir facilement un devis, de planifier un rendez-vous pour un entretien ou de faire une demande de financement.<\/p><p data-start=\"696\" data-end=\"968\">La recherche d\u2019une voiture de qualit\u00e9 s\u2019accompagne naturellement de grandes attentes. Bien s\u00fbr, cela d\u00e9pend des v\u00e9hicules que vous consid\u00e9rez, mais chez <strong data-start=\"849\" data-end=\"864\">BIO LOCATION<\/strong>, nous pensons que vous pouvez \u00e9galement avoir de grandes attentes pour notre agence et notre service.<\/p><p data-start=\"970\" data-end=\"1017\">\u2014 <strong data-start=\"972\" data-end=\"1015\">L\u2019\u00c9quipe BIO LOCATION, Ouarzazate, Maroc<\/strong><\/p>\t\t\t\t\t\t\t\t<\/div>\n\t\t\t\t\t<\/div>\n\t\t<\/div>\n\t\t\t\t\t<\/div>\n\t\t<\/section>\n\t\t\t\t<section class=\"elementor-section elementor-top-section elementor-element elementor-element-494ceba elementor-reverse-tablet elementor-reverse-mobile elementor-section-boxed elementor-section-height-default elementor-section-height-default\" data-id=\"494ceba\" data-element_type=\"section\" data-e-type=\"section\">\n\t\t\t\t\t\t<div class=\"elementor-container elementor-column-gap-default\">\n\t\t\t\t\t<div class=\"elementor-column elementor-col-50 elementor-top-column elementor-element elementor-element-b7535cb\" data-id=\"b7535cb\" data-element_type=\"column\" data-e-type=\"column\">\n\t\t\t<div class=\"elementor-widget-wrap elementor-element-populated\">\n\t\t\t\t\t\t<div class=\"elementor-element elementor-element-e0c2283 elementor-widget elementor-widget-text-editor\" data-id=\"e0c2283\" data-element_type=\"widget\" data-e-type=\"widget\" data-widget_type=\"text-editor.default\">\n\t\t\t\t\t\t\t\t\t<h3 data-start=\"97\" data-end=\"146\"><strong data-start=\"101\" data-end=\"144\">Nos Valeurs Fondamentales \u2013 BIO LOCATION\u00a0<\/strong><\/h3><p data-start=\"148\" data-end=\"350\">Nous suivons une formation approfondie afin de vous fournir toutes les connaissances n\u00e9cessaires pour prendre une d\u00e9cision \u00e9clair\u00e9e et choisir le v\u00e9hicule qui correspond le mieux \u00e0 votre style de vie.<\/p><ul class=\"list-style-1\" style=\"margin-top: 15px;\"><li><strong data-start=\"354\" data-end=\"387\">Service financier sans stress<\/strong><\/li><li><strong data-start=\"392\" data-end=\"435\">Large s\u00e9lection de v\u00e9hicules populaires<\/strong><\/li><li><strong data-start=\"440\" data-end=\"505\">Plus de 350 offres sur place, approuv\u00e9es par notre communaut\u00e9<\/strong><\/li><li data-start=\"508\" data-end=\"575\"><p data-start=\"510\" data-end=\"575\"><strong data-start=\"510\" data-end=\"573\">Entretien de votre voiture pour votre s\u00e9curit\u00e9 sur la route<\/strong><\/p><\/li><li><strong data-start=\"578\" data-end=\"637\">Nous ma\u00eetrisons une large gamme de services automobiles<\/strong><\/li><\/ul>\t\t\t\t\t\t\t\t<\/div>\n\t\t\t\t\t<\/div>\n\t\t<\/div>\n\t\t\t\t<div class=\"elementor-column elementor-col-50 elementor-top-column elementor-element elementor-element-d752e90\" data-id=\"d752e90\" data-element_type=\"column\" data-e-type=\"column\">\n\t\t\t<div class=\"elementor-widget-wrap elementor-element-populated\">\n\t\t\t\t\t\t<div class=\"elementor-element elementor-element-cf8ea1f elementor-widget elementor-widget-image\" data-id=\"cf8ea1f\" data-element_type=\"widget\" data-e-type=\"widget\" data-widget_type=\"image.default\">\n\t\t\t\t\t\t\t\t\t\t\t\t\t\t\t<img decoding=\"async\" width=\"1024\" height=\"682\" src=\"https:\/\/locationdevoitureouarzazatebio.agency\/wp-content\/uploads\/2023\/10\/Fotolia_90052796_Subscription_Monthly_M.jpg\" class=\"attachment-large size-large wp-image-635\" alt=\"motors_placeholder\" srcset=\"https:\/\/locationdevoitureouarzazatebio.agency\/wp-content\/uploads\/2023\/10\/Fotolia_90052796_Subscription_Monthly_M.jpg 1024w, https:\/\/locationdevoitureouarzazatebio.agency\/wp-content\/uploads\/2023\/10\/Fotolia_90052796_Subscription_Monthly_M-600x400.jpg 600w, https:\/\/locationdevoitureouarzazatebio.agency\/wp-content\/uploads\/2023\/10\/Fotolia_90052796_Subscription_Monthly_M-300x200.jpg 300w, https:\/\/locationdevoitureouarzazatebio.agency\/wp-content\/uploads\/2023\/10\/Fotolia_90052796_Subscription_Monthly_M-255x170.jpg 255w, https:\/\/locationdevoitureouarzazatebio.agency\/wp-content\/uploads\/2023\/10\/Fotolia_90052796_Subscription_Monthly_M-510x340.jpg 510w, https:\/\/locationdevoitureouarzazatebio.agency\/wp-content\/uploads\/2023\/10\/Fotolia_90052796_Subscription_Monthly_M-280x186.jpg 280w, https:\/\/locationdevoitureouarzazatebio.agency\/wp-content\/uploads\/2023\/10\/Fotolia_90052796_Subscription_Monthly_M-560x373.jpg 560w, https:\/\/locationdevoitureouarzazatebio.agency\/wp-content\/uploads\/2023\/10\/Fotolia_90052796_Subscription_Monthly_M-350x233.jpg 350w, https:\/\/locationdevoitureouarzazatebio.agency\/wp-content\/uploads\/2023\/10\/Fotolia_90052796_Subscription_Monthly_M-700x466.jpg 700w, https:\/\/locationdevoitureouarzazatebio.agency\/wp-content\/uploads\/2023\/10\/Fotolia_90052796_Subscription_Monthly_M-398x265.jpg 398w, https:\/\/locationdevoitureouarzazatebio.agency\/wp-content\/uploads\/2023\/10\/Fotolia_90052796_Subscription_Monthly_M-796x530.jpg 796w\" sizes=\"(max-width: 1024px) 100vw, 1024px\" \/>\t\t\t\t\t\t\t\t\t\t\t\t\t\t\t<\/div>\n\t\t\t\t\t<\/div>\n\t\t<\/div>\n\t\t\t\t\t<\/div>\n\t\t<\/section>\n\t\t\t\t<section class=\"elementor-section elementor-top-section elementor-element elementor-element-80c96a6 elementor-section-full_width elementor-section-stretched elementor-section-height-default elementor-section-height-default\" data-id=\"80c96a6\" data-element_type=\"section\" data-e-type=\"section\" data-settings=\"{&quot;stretch_section&quot;:&quot;section-stretched&quot;,&quot;background_background&quot;:&quot;classic&quot;}\">\n\t\t\t\t\t\t<div class=\"elementor-container elementor-column-gap-default\">\n\t\t\t\t\t<div class=\"elementor-column elementor-col-100 elementor-top-column elementor-element elementor-element-bc80d08\" data-id=\"bc80d08\" data-element_type=\"column\" data-e-type=\"column\">\n\t\t\t<div class=\"elementor-widget-wrap elementor-element-populated\">\n\t\t\t\t\t\t<section class=\"elementor-section elementor-inner-section elementor-element elementor-element-8cc6936 elementor-section-boxed elementor-section-height-default elementor-section-height-default\" data-id=\"8cc6936\" data-element_type=\"section\" data-e-type=\"section\">\n\t\t\t\t\t\t<div class=\"elementor-container elementor-column-gap-default\">\n\t\t\t\t\t<div class=\"elementor-column elementor-col-100 elementor-inner-column elementor-element elementor-element-375ff40\" data-id=\"375ff40\" data-element_type=\"column\" data-e-type=\"column\">\n\t\t\t<div class=\"elementor-widget-wrap elementor-element-populated\">\n\t\t\t\t\t\t<div class=\"elementor-element elementor-element-548ab7d elementor-widget elementor-widget-heading\" data-id=\"548ab7d\" data-element_type=\"widget\" data-e-type=\"widget\" data-widget_type=\"heading.default\">\n\t\t\t\t\t<span class=\"elementor-heading-title elementor-size-default\">GALERIE M\u00c9DIA<\/span>\t\t\t\t<\/div>\n\t\t\t\t<div class=\"elementor-element elementor-element-b2670da elementor-widget elementor-widget-stm-colored-separator\" data-id=\"b2670da\" data-element_type=\"widget\" data-e-type=\"widget\" data-widget_type=\"stm-colored-separator.default\">\n\t\t\t\t<div class=\"elementor-widget-container\">\n\t\t\t\t\t<div class=\"colored-separator\" style=\"text-align: center;\">\n\t\t\t<div class=\"first-long stm-base-background-color\"><\/div>\n\t\t<div class=\"last-short stm-base-background-color\"><\/div>\n\t<\/div>\n\t\t\t\t<\/div>\n\t\t\t\t<\/div>\n\t\t\t\t<div class=\"elementor-element elementor-element-36c793a elementor-widget elementor-widget-motors-image-carousel\" data-id=\"36c793a\" data-element_type=\"widget\" data-e-type=\"widget\" data-widget_type=\"motors-image-carousel.default\">\n\t\t\t\t<div class=\"elementor-widget-container\">\n\t\t\t\t\t\t<div class=\"motors-elementor-widget stm_image_carousel swiper-container\" id=\"stm_image_carousel-27381\">\n\t\t<div class=\"swiper-wrapper\">\n\t\t\t\t\t\t\t\t<div class=\"swiper-slide\">\n\t\t\t\t\t\t\t\t\t\t\t\t\t<img decoding=\"async\" src=\"https:\/\/locationdevoitureouarzazatebio.agency\/wp-content\/uploads\/2023\/10\/slide-2-270x180.jpg\" alt=\"Gallery image\">\n\t\t\t\t\t\t\t\t\t\t\t<\/div>\n\t\t\t\t\t\t\t\t\t\t<div class=\"swiper-slide\">\n\t\t\t\t\t\t\t\t\t\t\t\t\t<img decoding=\"async\" src=\"https:\/\/locationdevoitureouarzazatebio.agency\/wp-content\/uploads\/2023\/10\/parallax-block-270x180.jpg\" alt=\"Gallery image\">\n\t\t\t\t\t\t\t\t\t\t\t<\/div>\n\t\t\t\t\t\t\t\t\t\t<div class=\"swiper-slide\">\n\t\t\t\t\t\t\t\t\t\t\t\t\t<img decoding=\"async\" src=\"https:\/\/locationdevoitureouarzazatebio.agency\/wp-content\/uploads\/2023\/10\/parallax-block-2-270x180.jpg\" alt=\"Gallery image\">\n\t\t\t\t\t\t\t\t\t\t\t<\/div>\n\t\t\t\t\t\t\t\t\t\t<div class=\"swiper-slide\">\n\t\t\t\t\t\t\t\t\t\t\t\t\t<img decoding=\"async\" src=\"https:\/\/locationdevoitureouarzazatebio.agency\/wp-content\/uploads\/2023\/10\/Fotolia_90052796_Subscription_Monthly_M-270x180.jpg\" alt=\"Gallery image\">\n\t\t\t\t\t\t\t\t\t\t\t<\/div>\n\t\t\t\t\t\t\t\t\t\t<div class=\"swiper-slide\">\n\t\t\t\t\t\t\t\t\t\t\t\t\t<img decoding=\"async\" src=\"https:\/\/locationdevoitureouarzazatebio.agency\/wp-content\/uploads\/2023\/10\/Fotolia_53618826_Subscription_Monthly_M-1024x682-1-270x180.jpg\" alt=\"Gallery image\">\n\t\t\t\t\t\t\t\t\t\t\t<\/div>\n\t\t\t\t\t\t\t\t\t\t<div class=\"swiper-slide\">\n\t\t\t\t\t\t\t\t\t\t\t\t\t<img decoding=\"async\" src=\"https:\/\/locationdevoitureouarzazatebio.agency\/wp-content\/uploads\/2023\/10\/image-2-924x449-1-270x180.jpg\" alt=\"Gallery image\">\n\t\t\t\t\t\t\t\t\t\t\t<\/div>\n\t\t\t\t\t\t\t<\/div>\n\n\t\t\t\t\t<div class=\"stm-swiper-controls\">\n\t\t\t\t\t\t\t\t\t<div class=\"stm-swiper-prev\"><i class=\"fas fa-angle-left\"><\/i><\/div>\n\t\t\t\t\t\t\t\t\t\t\t\t\t<div class=\"swiper-pagination\"><\/div>\n\t\t\t\t\t\t\t\t\t\t\t\t\t<div class=\"stm-swiper-next\"><i class=\"fas fa-angle-right\"><\/i><\/div>\n\t\t\t\t\t\t\t<\/div>\n\t\t\t<\/div>\n\t<script>\n\t( function( $ ) {\n\t\t\"use strict\";\n\t\t\t\t$(window).on('elementor\/frontend\/init', function() {\n\t\t\t\t\tlet swiper = new Swiper('#stm_image_carousel-27381', {\n\t\t\t\t\t\t\t\tloop: true,\n\t\t\t\t\n\t\t\t\t\t\t\t\t\tsimulateTouch: false,\n\t\t\t\t\n\t\t\t\t\n\t\t\t\t\n\t\t\t\t\t\t\t\t\tslidesPerGroup: 1,\n\t\t\t\t\n\t\t\t\tslidesPerView: 1,\n\n\t\t\t\tspaceBetween: 12,\n\n\t\t\t\tcenterInsufficientSlides: true,\n\n\t\t\t\tbreakpoints: {\n\t\t\t\t\t640: {\n\t\t\t\t\t\tslidesPerView: 3,\n\t\t\t\t\t},\n\t\t\t\t\t992: {\n\t\t\t\t\t\tslidesPerView: 4,\n\t\t\t\t\t}\n\t\t\t\t},\n\t\t\t\t\t\t\t\t\tnavigation: {\n\t\t\t\t\t\tnextEl: '.stm-swiper-next',\n\t\t\t\t\t\tprevEl: '.stm-swiper-prev',\n\t\t\t\t\t},\n\t\t\t\t\n\t\t\t\t\t\t\t\t\tpagination: {\n\t\t\t\t\t\tel: '.swiper-pagination',\n\t\t\t\t\t\tclickable: true,\n\t\t\t\t\t},\n\t\t\t\t\t\t\t});\n\n\t\t\t\t\t});\n\t\t\t} ( jQuery ) );\n\t<\/script>\n\t\t\t\t\t<\/div>\n\t\t\t\t<\/div>\n\t\t\t\t\t<\/div>\n\t\t<\/div>\n\t\t\t\t\t<\/div>\n\t\t<\/section>\n\t\t\t\t\t<\/div>\n\t\t<\/div>\n\t\t\t\t\t<\/div>\n\t\t<\/section>\n\t\t\t\t<\/div>","protected":false},"excerpt":{"rendered":"<p>BIENVENUE \u00c0 BIO LOCATION Avant tout, nous souhaitons vous souhaiter la bienvenue chez BIO LOCATION \u00e0 Ouarzazate, Maroc. Rien ne remplace l\u2019exp\u00e9rience directe avec nos v\u00e9hicules sur place, mais nous sommes ravis que vous preniez le temps de visiter notre site web aujourd\u2019hui. Notre objectif est de vous offrir une visite interactive de notre flotte&#8230;<\/p>","protected":false},"author":1,"featured_media":0,"parent":0,"menu_order":0,"comment_status":"closed","ping_status":"closed","template":"","meta":{"footnotes":""},"class_list":["post-405","page","type-page","status-publish","hentry"],"_hostinger_reach_plugin_has_subscription_block":false,"_hostinger_reach_plugin_is_elementor":false,"_links":{"self":[{"href":"https:\/\/locationdevoitureouarzazatebio.agency\/es\/wp-json\/wp\/v2\/pages\/405","targetHints":{"allow":["GET"]}}],"collection":[{"href":"https:\/\/locationdevoitureouarzazatebio.agency\/es\/wp-json\/wp\/v2\/pages"}],"about":[{"href":"https:\/\/locationdevoitureouarzazatebio.agency\/es\/wp-json\/wp\/v2\/types\/page"}],"author":[{"embeddable":true,"href":"https:\/\/locationdevoitureouarzazatebio.agency\/es\/wp-json\/wp\/v2\/users\/1"}],"replies":[{"embeddable":true,"href":"https:\/\/locationdevoitureouarzazatebio.agency\/es\/wp-json\/wp\/v2\/comments?post=405"}],"version-history":[{"count":8,"href":"https:\/\/locationdevoitureouarzazatebio.agency\/es\/wp-json\/wp\/v2\/pages\/405\/revisions"}],"predecessor-version":[{"id":1181,"href":"https:\/\/locationdevoitureouarzazatebio.agency\/es\/wp-json\/wp\/v2\/pages\/405\/revisions\/1181"}],"wp:attachment":[{"href":"https:\/\/locationdevoitureouarzazatebio.agency\/es\/wp-json\/wp\/v2\/media?parent=405"}],"curies":[{"name":"wp","href":"https:\/\/api.w.org\/{rel}","templated":true}]}}