{"id":359,"date":"2017-01-25T05:51:36","date_gmt":"2017-01-25T05:51:36","guid":{"rendered":"https:\/\/motors.stylemixthemes.com\/?page_id=359"},"modified":"2025-11-13T16:24:37","modified_gmt":"2025-11-13T16:24:37","slug":"conditions-location-voiture-ouarzazate","status":"publish","type":"page","link":"https:\/\/locationdevoitureouarzazatebio.agency\/en\/conditions-location-voiture-ouarzazate\/","title":{"rendered":"Terms"},"content":{"rendered":"<div data-elementor-type=\"wp-page\" data-elementor-id=\"359\" class=\"elementor elementor-359\">\n\t\t\t\t\t\t<section class=\"elementor-section elementor-top-section elementor-element elementor-element-0e553ed elementor-section-boxed elementor-section-height-default elementor-section-height-default\" data-id=\"0e553ed\" data-element_type=\"section\" data-e-type=\"section\">\n\t\t\t\t\t\t<div class=\"elementor-container elementor-column-gap-default\">\n\t\t\t\t\t<div class=\"elementor-column elementor-col-100 elementor-top-column elementor-element elementor-element-3116539\" data-id=\"3116539\" data-element_type=\"column\" data-e-type=\"column\">\n\t\t\t<div class=\"elementor-widget-wrap elementor-element-populated\">\n\t\t\t\t\t\t<div class=\"elementor-element elementor-element-744ad31 elementor-widget elementor-widget-text-editor\" data-id=\"744ad31\" data-element_type=\"widget\" data-e-type=\"widget\" data-widget_type=\"text-editor.default\">\n\t\t\t\t\t\t\t\t\t<h3 data-start=\"178\" data-end=\"197\">1. Introduction<\/h3><p data-start=\"198\" data-end=\"544\">Les pr\u00e9sentes Conditions G\u00e9n\u00e9rales d\u2019Utilisation r\u00e9gissent votre utilisation de ce site web. Elles s\u2019appliquent pleinement et affectent votre utilisation du site. En utilisant ce site, vous acceptez tous les termes et conditions indiqu\u00e9s ici. Vous ne devez pas utiliser ce site si vous n\u2019\u00eates pas d\u2019accord avec l\u2019une quelconque de ces conditions.<\/p><h3 data-start=\"546\" data-end=\"587\">2. Droits de Propri\u00e9t\u00e9 Intellectuelle<\/h3><p data-start=\"588\" data-end=\"841\">Sauf pour le contenu que vous poss\u00e9dez, BIO LOCATION et\/ou ses conc\u00e9dants d\u00e9tiennent tous les droits de propri\u00e9t\u00e9 intellectuelle et les mat\u00e9riaux pr\u00e9sents sur ce site.<br data-start=\"754\" data-end=\"757\" \/>Vous disposez d\u2019une licence limit\u00e9e uniquement pour consulter le contenu de ce site.<\/p><h3 data-start=\"843\" data-end=\"862\">3. Restrictions<\/h3><p data-start=\"863\" data-end=\"899\">Vous \u00eates express\u00e9ment interdit de :<\/p><ul data-start=\"901\" data-end=\"1226\"><li data-start=\"901\" data-end=\"960\"><p data-start=\"903\" data-end=\"960\">Publier tout contenu de ce site sur d\u2019autres supports ;<\/p><\/li><li data-start=\"961\" data-end=\"1031\"><p data-start=\"963\" data-end=\"1031\">Vendre, sous-licencier ou commercialiser tout contenu de ce site ;<\/p><\/li><li data-start=\"1032\" data-end=\"1095\"><p data-start=\"1034\" data-end=\"1095\">Ex\u00e9cuter publiquement ou afficher tout contenu de ce site ;<\/p><\/li><li data-start=\"1096\" data-end=\"1160\"><p data-start=\"1098\" data-end=\"1160\">Utiliser ce site d\u2019une mani\u00e8re susceptible de l\u2019endommager ;<\/p><\/li><li data-start=\"1161\" data-end=\"1226\"><p data-start=\"1163\" data-end=\"1226\">Utiliser ce site de mani\u00e8re \u00e0 nuire \u00e0 l\u2019acc\u00e8s des utilisateurs.<\/p><\/li><\/ul><h3 data-start=\"1228\" data-end=\"1248\">4. Votre Contenu<\/h3><p data-start=\"1249\" data-end=\"1609\">Dans ces conditions, \u00ab Votre Contenu \u00bb d\u00e9signe tout texte, image, audio, vid\u00e9o ou autre mat\u00e9riel que vous choisissez de publier sur ce site. En publiant Votre Contenu, vous accordez \u00e0 BIO LOCATION une licence non exclusive, mondiale, irr\u00e9vocable et transf\u00e9rable pour utiliser, reproduire, adapter, publier, traduire et distribuer ce contenu sur tous supports.<\/p><p data-start=\"1611\" data-end=\"1774\">Votre Contenu doit \u00eatre votre propri\u00e9t\u00e9 et ne pas violer les droits de tiers. BIO LOCATION se r\u00e9serve le droit de supprimer tout contenu \u00e0 tout moment sans pr\u00e9avis.<\/p><h3 data-start=\"1776\" data-end=\"1803\">5. Absence de Garanties<\/h3><p data-start=\"1804\" data-end=\"2000\">Ce site est fourni \u00ab tel quel \u00bb avec tous ses d\u00e9fauts. BIO LOCATION ne fait aucune d\u00e9claration ni garantie quant \u00e0 ce site ou son contenu. Rien sur ce site ne doit \u00eatre interpr\u00e9t\u00e9 comme un conseil.<\/p><h3 data-start=\"2002\" data-end=\"2037\">6. Limitation de Responsabilit\u00e9<\/h3><p data-start=\"2038\" data-end=\"2235\">En aucun cas, BIO LOCATION, ses dirigeants, employ\u00e9s ou agents ne seront responsables de toute r\u00e9clamation ou dommage d\u00e9coulant de l\u2019utilisation de ce site, que ce soit directement ou indirectement.<\/p><h3 data-start=\"2237\" data-end=\"2257\">7. Indemnisation<\/h3><p data-start=\"2258\" data-end=\"2454\">Vous acceptez d\u2019indemniser BIO LOCATION dans toute la mesure du possible pour toute responsabilit\u00e9, co\u00fbt, demande, cause d\u2019action, dommage ou d\u00e9pense r\u00e9sultant de votre violation de ces conditions.<\/p><h3 data-start=\"2456\" data-end=\"2475\">8. Divisibilit\u00e9<\/h3><p data-start=\"2476\" data-end=\"2615\">Si une disposition de ces conditions est jug\u00e9e invalide selon la loi applicable, elle sera supprim\u00e9e sans affecter les autres dispositions.<\/p><h3 data-start=\"2617\" data-end=\"2651\">9. Modification des Conditions<\/h3><p data-start=\"2652\" data-end=\"2787\">BIO LOCATION peut r\u00e9viser ces conditions \u00e0 tout moment. En utilisant le site, vous \u00eates invit\u00e9 \u00e0 consulter r\u00e9guli\u00e8rement les conditions.<\/p><h3 data-start=\"2789\" data-end=\"2804\">10. Cession<\/h3><p data-start=\"2805\" data-end=\"2980\">BIO LOCATION peut c\u00e9der, transf\u00e9rer ou sous-traiter ses droits et obligations sans notification. Vous ne pouvez pas c\u00e9der, transf\u00e9rer ou sous-traiter vos droits ou obligations.<\/p><h3 data-start=\"2982\" data-end=\"3004\">11. Accord Complet<\/h3><p data-start=\"3005\" data-end=\"3156\">Ces conditions constituent l\u2019int\u00e9gralit\u00e9 de l\u2019accord entre BIO LOCATION et vous concernant l\u2019utilisation de ce site et remplacent tout accord ant\u00e9rieur.<\/p><h3 data-start=\"3158\" data-end=\"3197\">12. Droit Applicable et Juridiction<\/h3><p data-start=\"3198\" data-end=\"3355\">Ces conditions sont r\u00e9gies par le droit fran\u00e7ais, et vous acceptez la juridiction non exclusive des tribunaux comp\u00e9tents en France pour r\u00e9soudre tout litige.<\/p>\t\t\t\t\t\t\t\t<\/div>\n\t\t\t\t\t<\/div>\n\t\t<\/div>\n\t\t\t\t\t<\/div>\n\t\t<\/section>\n\t\t\t\t<\/div>","protected":false},"excerpt":{"rendered":"<p>1. Introduction Les pr\u00e9sentes Conditions G\u00e9n\u00e9rales d\u2019Utilisation r\u00e9gissent votre utilisation de ce site web. Elles s\u2019appliquent pleinement et affectent votre utilisation du site. En utilisant ce site, vous acceptez tous les termes et conditions indiqu\u00e9s ici. Vous ne devez pas utiliser ce site si vous n\u2019\u00eates pas d\u2019accord avec l\u2019une quelconque de ces conditions. 2&#8230;.<\/p>","protected":false},"author":1,"featured_media":0,"parent":0,"menu_order":0,"comment_status":"closed","ping_status":"closed","template":"","meta":{"footnotes":""},"class_list":["post-359","page","type-page","status-publish","hentry"],"_hostinger_reach_plugin_has_subscription_block":false,"_hostinger_reach_plugin_is_elementor":false,"_links":{"self":[{"href":"https:\/\/locationdevoitureouarzazatebio.agency\/en\/wp-json\/wp\/v2\/pages\/359","targetHints":{"allow":["GET"]}}],"collection":[{"href":"https:\/\/locationdevoitureouarzazatebio.agency\/en\/wp-json\/wp\/v2\/pages"}],"about":[{"href":"https:\/\/locationdevoitureouarzazatebio.agency\/en\/wp-json\/wp\/v2\/types\/page"}],"author":[{"embeddable":true,"href":"https:\/\/locationdevoitureouarzazatebio.agency\/en\/wp-json\/wp\/v2\/users\/1"}],"replies":[{"embeddable":true,"href":"https:\/\/locationdevoitureouarzazatebio.agency\/en\/wp-json\/wp\/v2\/comments?post=359"}],"version-history":[{"count":8,"href":"https:\/\/locationdevoitureouarzazatebio.agency\/en\/wp-json\/wp\/v2\/pages\/359\/revisions"}],"predecessor-version":[{"id":1184,"href":"https:\/\/locationdevoitureouarzazatebio.agency\/en\/wp-json\/wp\/v2\/pages\/359\/revisions\/1184"}],"wp:attachment":[{"href":"https:\/\/locationdevoitureouarzazatebio.agency\/en\/wp-json\/wp\/v2\/media?parent=359"}],"curies":[{"name":"wp","href":"https:\/\/api.w.org\/{rel}","templated":true}]}}