{"id":1084,"date":"2025-10-17T09:52:04","date_gmt":"2025-10-17T09:52:04","guid":{"rendered":"https:\/\/limegreen-dugong-719207.hostingersite.com\/?page_id=1084"},"modified":"2025-11-13T16:26:52","modified_gmt":"2025-11-13T16:26:52","slug":"location-voiture-ouarzazate","status":"publish","type":"page","link":"https:\/\/locationdevoitureouarzazatebio.agency\/en\/location-voiture-ouarzazate\/","title":{"rendered":"Location Voiture Ouarzazate &#8211; BIO LOCATION"},"content":{"rendered":"<blockquote class=\"wp-block-quote is-layout-flow wp-block-quote-is-layout-flow\">\n<h1 class=\"wp-block-heading\">Location de Voiture \u00e0 Ouarzazate<\/h1>\n\n\n\n<p>Welcome to <strong>Bio Location<\/strong>, votre agence de location de voitures \u00e0 Ouarzazate. Nous proposons des v\u00e9hicules r\u00e9cents, confortables et climatis\u00e9s, avec un service rapide et des tarifs comp\u00e9titifs.<\/p>\n\n\n\n<ul class=\"wp-block-list\">\n<li>Livraison gratuite \u00e0 l\u2019a\u00e9roport de Ouarzazate<\/li>\n\n\n\n<li>Assurance compl\u00e8te incluse<\/li>\n\n\n\n<li>Service disponible en fran\u00e7ais, anglais et arabe<\/li>\n\n\n\n<li>Assistance 24h\/24 et 7j\/7<\/li>\n<\/ul>\n\n\n\n<figure class=\"wp-block-image size-full\"><img fetchpriority=\"high\" decoding=\"async\" width=\"512\" height=\"512\" src=\"https:\/\/locationdevoitureouarzazatebio.agency\/wp-content\/uploads\/2025\/11\/cropped-56888630581.png\" alt=\"\" class=\"wp-image-1156\" srcset=\"https:\/\/locationdevoitureouarzazatebio.agency\/wp-content\/uploads\/2025\/11\/cropped-56888630581.png 512w, https:\/\/locationdevoitureouarzazatebio.agency\/wp-content\/uploads\/2025\/11\/cropped-56888630581-300x300.png 300w, https:\/\/locationdevoitureouarzazatebio.agency\/wp-content\/uploads\/2025\/11\/cropped-56888630581-150x150.png 150w, https:\/\/locationdevoitureouarzazatebio.agency\/wp-content\/uploads\/2025\/11\/cropped-56888630581-12x12.png 12w, https:\/\/locationdevoitureouarzazatebio.agency\/wp-content\/uploads\/2025\/11\/cropped-56888630581-255x255.png 255w, https:\/\/locationdevoitureouarzazatebio.agency\/wp-content\/uploads\/2025\/11\/cropped-56888630581-510x510.png 510w, https:\/\/locationdevoitureouarzazatebio.agency\/wp-content\/uploads\/2025\/11\/cropped-56888630581-280x280.png 280w, https:\/\/locationdevoitureouarzazatebio.agency\/wp-content\/uploads\/2025\/11\/cropped-56888630581-350x350.png 350w, https:\/\/locationdevoitureouarzazatebio.agency\/wp-content\/uploads\/2025\/11\/cropped-56888630581-398x398.png 398w, https:\/\/locationdevoitureouarzazatebio.agency\/wp-content\/uploads\/2025\/11\/cropped-56888630581-100x100.png 100w, https:\/\/locationdevoitureouarzazatebio.agency\/wp-content\/uploads\/2025\/11\/cropped-56888630581-270x270.png 270w, https:\/\/locationdevoitureouarzazatebio.agency\/wp-content\/uploads\/2025\/11\/cropped-56888630581-192x192.png 192w, https:\/\/locationdevoitureouarzazatebio.agency\/wp-content\/uploads\/2025\/11\/cropped-56888630581-180x180.png 180w, https:\/\/locationdevoitureouarzazatebio.agency\/wp-content\/uploads\/2025\/11\/cropped-56888630581-32x32.png 32w\" sizes=\"(max-width: 512px) 100vw, 512px\" \/><\/figure>\n\n\n\n<p>R\u00e9servez votre voiture d\u00e8s maintenant et explorez Ouarzazate en toute libert\u00e9 avec Bio Location!<\/p>\n<\/blockquote>\n\n\n\n<div class=\"wp-block-buttons is-layout-flex wp-block-buttons-is-layout-flex\">\n<div class=\"wp-block-button is-style-outline is-style-outline--1\"><a class=\"wp-block-button__link has-black-color has-luminous-vivid-amber-background-color has-text-color has-background has-link-color wp-element-button\" href=\"https:\/\/limegreen-dugong-719207.hostingersite.com\/reservation-voiture-ouarzazate\/\" target=\"_blank\" rel=\"noopener\">R\u00e9servez <\/a><\/div>\n<\/div>\n\n\n\n<p><\/p>","protected":false},"excerpt":{"rendered":"","protected":false},"author":1,"featured_media":0,"parent":0,"menu_order":0,"comment_status":"closed","ping_status":"closed","template":"","meta":{"footnotes":""},"class_list":["post-1084","page","type-page","status-publish","hentry"],"_hostinger_reach_plugin_has_subscription_block":false,"_hostinger_reach_plugin_is_elementor":false,"_links":{"self":[{"href":"https:\/\/locationdevoitureouarzazatebio.agency\/en\/wp-json\/wp\/v2\/pages\/1084","targetHints":{"allow":["GET"]}}],"collection":[{"href":"https:\/\/locationdevoitureouarzazatebio.agency\/en\/wp-json\/wp\/v2\/pages"}],"about":[{"href":"https:\/\/locationdevoitureouarzazatebio.agency\/en\/wp-json\/wp\/v2\/types\/page"}],"author":[{"embeddable":true,"href":"https:\/\/locationdevoitureouarzazatebio.agency\/en\/wp-json\/wp\/v2\/users\/1"}],"replies":[{"embeddable":true,"href":"https:\/\/locationdevoitureouarzazatebio.agency\/en\/wp-json\/wp\/v2\/comments?post=1084"}],"version-history":[{"count":4,"href":"https:\/\/locationdevoitureouarzazatebio.agency\/en\/wp-json\/wp\/v2\/pages\/1084\/revisions"}],"predecessor-version":[{"id":1237,"href":"https:\/\/locationdevoitureouarzazatebio.agency\/en\/wp-json\/wp\/v2\/pages\/1084\/revisions\/1237"}],"wp:attachment":[{"href":"https:\/\/locationdevoitureouarzazatebio.agency\/en\/wp-json\/wp\/v2\/media?parent=1084"}],"curies":[{"name":"wp","href":"https:\/\/api.w.org\/{rel}","templated":true}]}}